{"id":168,"date":"2017-11-09T21:08:08","date_gmt":"2017-11-09T20:08:08","guid":{"rendered":"http:\/\/naturpause.de\/?page_id=168"},"modified":"2023-10-19T16:48:25","modified_gmt":"2023-10-19T14:48:25","slug":"aktuelle-veranstaltungen","status":"publish","type":"page","link":"http:\/\/naturpause.de\/?page_id=168","title":{"rendered":"Aktuelle Veranstaltungen"},"content":{"rendered":"\n<p class=\"has-medium-brown-color has-text-color has-medium-font-size\">Termin auf Anfrage<\/p>\n\n\n\n<p class=\"has-large-font-size\"><strong>Ritual zur Wintersonnwende <\/strong> <\/p>\n\n\n\n<p>Wir leben in einer Zeit des Wandels, der Transformation und des Neubeginns. In den vergangenen Wochen der Dunklen Zeit im November konnten wir bewusst in Gedanken und unbewusst in unseren Tr\u00e4umen das vergangene Jahr oder sogar Jahrzehnte in unserem Leben gut reflektieren. Dabei kamen sicherlich nicht nur mir einige Themen zum Vorschein, die einer Transformation unterliegen. Neue Bilder, neue Lebensweisen wollen entstehen und das Alte mit Dankbarkeit verabschiedet werden.<br>In der Schamanischen Welt steht die Schlangenkraft als Symbol der Transformation. Mit dieser Kraft m\u00f6chte ich gerne mit Euch die Wintersonnwende feiern, eine alte Haut abstreifen, sie dem Feuer \u00fcbergeben und das Licht f\u00fcr das neue Werden entz\u00fcnden.<br>Martina wird dieses Ritual mit wundersamen Kraftliedern begleiten, so dass wir zusammen singend, reflektierend und freudig das alte Jahr verabschieden und mit dem neuen Licht den Funken f\u00fcr eine neue&nbsp; Visionen f\u00fcr die kommende Lichtmess-Zeit entz\u00fcnden k\u00f6nnen.<\/p>\n\n\n\n<figure class=\"wp-block-image size-full\"><img loading=\"lazy\" width=\"259\" height=\"173\" src=\"http:\/\/naturpause.de\/wp-content\/uploads\/2022\/12\/Engel.jpg\" alt=\"\" class=\"wp-image-712\"\/><\/figure>\n\n\n\n<p><strong> <\/strong>&nbsp;&nbsp;&nbsp; Wo: Ellenweiler<\/p>\n\n\n\n<p><strong>&nbsp;&nbsp;&nbsp; Mitbringen:<\/strong><br>&nbsp;&nbsp;&nbsp; * Eine \u201ealte Haut\u201c die ihr ablegen wollt. Das kann ein Kleidungsst\u00fcck sein oder ein Brief in dem ihr formuliert, was zu Ende gehen soll,<br>&nbsp;&nbsp;&nbsp; * ein Gegenstand, der jetzt transformiert und dem Feuer \u00fcbergeben wird, \u2026<br>&nbsp;&nbsp;  * eine neue Kerze f\u00fcrs neue Jahr (vielleicht mit Windlicht)<br>&nbsp;&nbsp;&nbsp; * eine Gabe f\u00fcrs gemeinsame Essen zum weihnachtlichen Punsch<br>&nbsp;&nbsp;&nbsp; *  wetterfeste, warme Kleidung<br>&nbsp;&nbsp;&nbsp;&nbsp; * Tasse, Teller, Besteck<\/p>\n\n\n\n<p><br><strong>Anmeldung unter traude@naturpause.de erbeten oder Tel.: 07194\/953300<\/strong><\/p>\n\n\n\n<p>&nbsp;Liebe Gr\u00fc\u00dfe von Traude<\/p>\n\n\n\n<p><strong><br><\/strong> <\/p>\n\n\n\n<h4><strong>https:\/\/www.digistore24.com\/redir\/442894\/TraudeFladt\/CAMPAIGNKEYInterview &#8222;Pflanzenheilkunde f\u00fcr Katzen&#8220; mit T. Fladt<br><\/strong><\/h4>\n\n\n\n<pre class=\"wp-block-preformatted\">Mein Interview vom online Kongress <strong><a href=\"https:\/\/www.medizin-der-erde.com#aff=traude\">Medizin der Erde<\/a><\/strong> k\u00f6nnt ihr hier anschauen <a href=\"https:\/\/www.youtube.com\/watch?v=H0AKil6Ekpk\">https:\/\/www.youtube.com\/watch?v=H0AKil6Ekpk<\/a>.<\/pre>\n\n\n\n<pre class=\"wp-block-preformatted\">&nbsp;<\/pre>\n\n\n\n<h2><\/h2>\n\n\n\n<!--more-->\n\n\n\n<h2><strong><img class=\"full-width\" src=\"https:\/\/chlorophyllkongress.com\/wp-content\/uploads\/2021\/09\/MK-L-Chlorophyll-0720a1-4c53.png\" alt=\"\" border=\"0\"><br><\/strong><\/h2>\n\n\n\n<pre class=\"wp-block-preformatted\">Ich freue mich sehr, Dich heute zum kostenlosen Chlorophyll Kongress 2022 einladen zu d\u00fcrfen.\n<\/pre>\n\n\n\n<p>Melde Dich jetzt einfach mit Deiner Emailadresse an und hole Dir gleich Deinen Zugang f\u00fcr den kostenlosen Chlorophyll Kongress.<\/p>\n\n\n\n<pre class=\"wp-block-preformatted\"><a href=\"http:\/\/naturpause.de\/?page_id=72\">... mehr<\/a><\/pre>\n\n\n\n<h2><strong>Nat\u00fcrliche Lebensberatung mit Heilpflanzen<br><\/strong><\/h2>\n\n\n\n<pre class=\"wp-block-preformatted\">Heilpflanzen sind so wunderbare Lebensberaterinnen. \nBefinden Sie sich in einer Krise aufgrund einer Erkrankung des K\u00f6rpers oder einer seelischen Belastung, ich schaue und f\u00fchle mit Ihnen genau hin und begleite Sie auf Ihrem Heilungsweg.\n<a href=\"http:\/\/naturpause.de\/?page_id=72\">... mehr<\/a><\/pre>\n\n\n\n<h2><strong>Heilpflanzenbegegnungen<\/strong><\/h2>\n\n\n\n<!--more-->\n\n\n\n<pre class=\"wp-block-preformatted\">Termine finden auf Anfrage statt.\n<a href=\"http:\/\/naturpause.de\/?page_id=386\">... mehr<\/a><\/pre>\n\n\n\n<h2><\/h2>\n\n\n\n<!--more-->\n\n\n\n<h2><strong>Heilpflanzen f\u00fcr Katzen und Hunde<br><\/strong><\/h2>\n\n\n\n<pre class=\"wp-block-preformatted\">Einfach anfragen und wir finden einen Beratungstermin.\n<a href=\"http:\/\/naturpause.de\/?page_id=371\">... mehr<\/a><\/pre>\n","protected":false},"excerpt":{"rendered":"<p>Termin auf Anfrage Ritual zur Wintersonnwende Wir leben in einer Zeit des Wandels, der Transformation und des Neubeginns. In den vergangenen Wochen der Dunklen Zeit im November konnten wir bewusst in Gedanken und unbewusst in unseren Tr\u00e4umen das vergangene Jahr oder sogar Jahrzehnte in unserem Leben gut reflektieren. Dabei kamen sicherlich nicht nur mir einige &hellip; <a href=\"http:\/\/naturpause.de\/?page_id=168\" class=\"more-link\"><span class=\"screen-reader-text\">Aktuelle Veranstaltungen<\/span> weiterlesen <span class=\"meta-nav\">&rarr;<\/span><\/a><\/p>\n","protected":false},"author":1,"featured_media":0,"parent":0,"menu_order":0,"comment_status":"closed","ping_status":"closed","template":"","meta":[],"_links":{"self":[{"href":"http:\/\/naturpause.de\/index.php?rest_route=\/wp\/v2\/pages\/168"}],"collection":[{"href":"http:\/\/naturpause.de\/index.php?rest_route=\/wp\/v2\/pages"}],"about":[{"href":"http:\/\/naturpause.de\/index.php?rest_route=\/wp\/v2\/types\/page"}],"author":[{"embeddable":true,"href":"http:\/\/naturpause.de\/index.php?rest_route=\/wp\/v2\/users\/1"}],"replies":[{"embeddable":true,"href":"http:\/\/naturpause.de\/index.php?rest_route=%2Fwp%2Fv2%2Fcomments&post=168"}],"version-history":[{"count":93,"href":"http:\/\/naturpause.de\/index.php?rest_route=\/wp\/v2\/pages\/168\/revisions"}],"predecessor-version":[{"id":719,"href":"http:\/\/naturpause.de\/index.php?rest_route=\/wp\/v2\/pages\/168\/revisions\/719"}],"wp:attachment":[{"href":"http:\/\/naturpause.de\/index.php?rest_route=%2Fwp%2Fv2%2Fmedia&parent=168"}],"curies":[{"name":"wp","href":"https:\/\/api.w.org\/{rel}","templated":true}]}}