{"id":173,"date":"2017-11-09T21:26:37","date_gmt":"2017-11-09T20:26:37","guid":{"rendered":"http:\/\/naturpause.de\/?page_id=173"},"modified":"2021-04-19T12:29:18","modified_gmt":"2021-04-19T10:29:18","slug":"dunkle-zeit-ahnenreihe","status":"publish","type":"page","link":"http:\/\/naturpause.de\/?page_id=173","title":{"rendered":"Dunkle Zeit &#8211; Ahnenreihe"},"content":{"rendered":"<p><strong><em>Willkommen dunkle Zeit \u2013<br \/>\nich bin f\u00fcr dich bereit!<br \/>\n<\/em><\/strong><em>Arunga Heiden<\/em><\/p>\n<p><strong>Dunkle Zeit\u00a0 \u2013 Zeit der Ahnen\u00a0 \u2013 Zeit der Ahnungen<\/strong><\/p>\n<p>Auf Wunsch finden im Januar noch Teil Zwei und Drei statt.<br \/>\nAlso, wer in der dunklen Jahreszeit einige Ahnenthemen erkannt hat und\u00a0 nun das Bed\u00fcrfnis entwickelt, sich von alten Verstrickungen zu l\u00f6sen und gest\u00e4rkt mit den Ahnen ins neue Jahr zu gehen, kann gerne noch dazu kommen.<br \/>\nWelche Bedeutung haben meine Ahnen in meinem Leben? Welche Pr\u00e4gungen,\u00a0 Glaubenss\u00e4tze und Verhaltensmuster habe ich \u00fcbernommen? Was davon schr\u00e4nkt mich heute in meinem Leben ein, was will aufgel\u00f6st werden? Wo st\u00e4rken meinen Ahnen mir den R\u00fccken?<br \/>\nEs ist die Zeit anzunehmen, was ist und um den Schutz der guten M\u00e4chte zu bitten, die uns geleiten. Dabei helfen uns Fantasiereisen, schamanische Rituale, Lieder und Heilpflanzen auf diesem Heilungsweg.<br \/>\n<strong>Der Ruf der Ahnen<br \/>\n<\/strong>Wer sind sie? Wer begleitet mich? Wie kann ich sie rufen? Gibt es Ausgesto\u00dfene?<br \/>\n<strong>Innere Reinigung<br \/>\n<\/strong>Verstrickungen aufl\u00f6sen und \u00fcbernommenes zur\u00fcck geben<br \/>\n<strong>Meine gen<\/strong>ialen<strong> Ahnen \u2013 meine Gene<\/strong><br \/>\nDas Ahnenfeld hinter mir sp\u00fcren und in die Zukunft blicken<\/p>\n<p>Die 3 Veranstaltungen kann ab einer Gruppengr\u00f6\u00dfe von 4 Personen gebucht werden. Sie findet\u00a0 <strong>samstags, von 10 bis 13 Uhr<\/strong> im Heilpflanzen-Atelier in Spiegelberg statt. Alle Termine k\u00f6nnen einzeln und ohne Vorkenntnisse gebucht werden.<br \/>\nd<\/p>\n<p>Weitere Infos und Anmeldung bei <strong>Traude Fladt, <\/strong>Dipl. Soz-P\u00e4d. und Heilpflanzenp\u00e4dagogin, Tel.: 07194\/953300, traude@naturpause.de<\/p>\n","protected":false},"excerpt":{"rendered":"<p>Willkommen dunkle Zeit \u2013 ich bin f\u00fcr dich bereit! Arunga Heiden Dunkle Zeit\u00a0 \u2013 Zeit der Ahnen\u00a0 \u2013 Zeit der Ahnungen Auf Wunsch finden im Januar noch Teil Zwei und Drei statt. Also, wer in der dunklen Jahreszeit einige Ahnenthemen erkannt hat und\u00a0 nun das Bed\u00fcrfnis entwickelt, sich von alten Verstrickungen zu l\u00f6sen und gest\u00e4rkt &hellip; <a href=\"http:\/\/naturpause.de\/?page_id=173\" class=\"more-link\"><span class=\"screen-reader-text\">Dunkle Zeit &#8211; Ahnenreihe<\/span> weiterlesen <span class=\"meta-nav\">&rarr;<\/span><\/a><\/p>\n","protected":false},"author":1,"featured_media":474,"parent":168,"menu_order":0,"comment_status":"closed","ping_status":"closed","template":"","meta":[],"_links":{"self":[{"href":"http:\/\/naturpause.de\/index.php?rest_route=\/wp\/v2\/pages\/173"}],"collection":[{"href":"http:\/\/naturpause.de\/index.php?rest_route=\/wp\/v2\/pages"}],"about":[{"href":"http:\/\/naturpause.de\/index.php?rest_route=\/wp\/v2\/types\/page"}],"author":[{"embeddable":true,"href":"http:\/\/naturpause.de\/index.php?rest_route=\/wp\/v2\/users\/1"}],"replies":[{"embeddable":true,"href":"http:\/\/naturpause.de\/index.php?rest_route=%2Fwp%2Fv2%2Fcomments&post=173"}],"version-history":[{"count":10,"href":"http:\/\/naturpause.de\/index.php?rest_route=\/wp\/v2\/pages\/173\/revisions"}],"predecessor-version":[{"id":653,"href":"http:\/\/naturpause.de\/index.php?rest_route=\/wp\/v2\/pages\/173\/revisions\/653"}],"up":[{"embeddable":true,"href":"http:\/\/naturpause.de\/index.php?rest_route=\/wp\/v2\/pages\/168"}],"wp:featuredmedia":[{"embeddable":true,"href":"http:\/\/naturpause.de\/index.php?rest_route=\/wp\/v2\/media\/474"}],"wp:attachment":[{"href":"http:\/\/naturpause.de\/index.php?rest_route=%2Fwp%2Fv2%2Fmedia&parent=173"}],"curies":[{"name":"wp","href":"https:\/\/api.w.org\/{rel}","templated":true}]}}