{"id":240,"date":"2017-11-30T13:34:37","date_gmt":"2017-11-30T12:34:37","guid":{"rendered":"http:\/\/naturpause.de\/?page_id=240"},"modified":"2017-12-22T08:39:14","modified_gmt":"2017-12-22T07:39:14","slug":"malen-in-den-rauhnaechten","status":"publish","type":"page","link":"http:\/\/naturpause.de\/?page_id=240","title":{"rendered":"Malen in den Rauhn\u00e4chten"},"content":{"rendered":"<p>Jetzt in der Zeit des Abschieds und Neubeginns, ist die Zeit, wo vieles durcheinander ger\u00e4t und doch das Bed\u00fcrfnis nach Ruhe, Stille, Frieden da ist. Schnee f\u00e4llt, Dunkelheit, holdes l\u00e4cheln \u2013 alles hat seinen Platz. Es ist die Zeit, die geheime oder dunkle \u201eSchwangerschaft\u201c in uns ans Licht zu bringen.<\/p>\n<p>Zur Wintersonnwende am 21. Dezember und am 28. Dezember malen wir unsere Seelen\u201cw\u00e4sche\u201c der Rauhn\u00e4chte. Begleitet von heimischen Heilpflanzen als Tee und ger\u00e4uchert bringen wir Inneres nach Au\u00dfen \u2013 Staunen \u2013 Entspannen \u2013 kl\u00e4ren unsere Gedanken \u2026<\/p>\n<p>&nbsp;<\/p>\n<p>Termin:\u00a0 28. Dezember<\/p>\n<p>Zeit: \u00a0\u00a0\u00a0\u00a0\u00a0\u00a0 14 bis 16 Uhr<\/p>\n<p>Kosten: \u00a0 40,- \u20ac<\/p>\n<p>Ort: \u00a0\u00a0\u00a0\u00a0\u00a0\u00a0\u00a0 Heilpflanzen- und Mal-Atelier, Spiegelberg<\/p>\n","protected":false},"excerpt":{"rendered":"<p>Jetzt in der Zeit des Abschieds und Neubeginns, ist die Zeit, wo vieles durcheinander ger\u00e4t und doch das Bed\u00fcrfnis nach Ruhe, Stille, Frieden da ist. Schnee f\u00e4llt, Dunkelheit, holdes l\u00e4cheln \u2013 alles hat seinen Platz. Es ist die Zeit, die geheime oder dunkle \u201eSchwangerschaft\u201c in uns ans Licht zu bringen. Zur Wintersonnwende am 21. Dezember &hellip; <a href=\"http:\/\/naturpause.de\/?page_id=240\" class=\"more-link\"><span class=\"screen-reader-text\">Malen in den Rauhn\u00e4chten<\/span> weiterlesen <span class=\"meta-nav\">&rarr;<\/span><\/a><\/p>\n","protected":false},"author":3,"featured_media":247,"parent":0,"menu_order":0,"comment_status":"closed","ping_status":"closed","template":"","meta":[],"_links":{"self":[{"href":"http:\/\/naturpause.de\/index.php?rest_route=\/wp\/v2\/pages\/240"}],"collection":[{"href":"http:\/\/naturpause.de\/index.php?rest_route=\/wp\/v2\/pages"}],"about":[{"href":"http:\/\/naturpause.de\/index.php?rest_route=\/wp\/v2\/types\/page"}],"author":[{"embeddable":true,"href":"http:\/\/naturpause.de\/index.php?rest_route=\/wp\/v2\/users\/3"}],"replies":[{"embeddable":true,"href":"http:\/\/naturpause.de\/index.php?rest_route=%2Fwp%2Fv2%2Fcomments&post=240"}],"version-history":[{"count":2,"href":"http:\/\/naturpause.de\/index.php?rest_route=\/wp\/v2\/pages\/240\/revisions"}],"predecessor-version":[{"id":253,"href":"http:\/\/naturpause.de\/index.php?rest_route=\/wp\/v2\/pages\/240\/revisions\/253"}],"wp:featuredmedia":[{"embeddable":true,"href":"http:\/\/naturpause.de\/index.php?rest_route=\/wp\/v2\/media\/247"}],"wp:attachment":[{"href":"http:\/\/naturpause.de\/index.php?rest_route=%2Fwp%2Fv2%2Fmedia&parent=240"}],"curies":[{"name":"wp","href":"https:\/\/api.w.org\/{rel}","templated":true}]}}