{"id":278,"date":"2018-01-19T17:05:43","date_gmt":"2018-01-19T16:05:43","guid":{"rendered":"http:\/\/naturpause.de\/?page_id=278"},"modified":"2018-02-13T15:24:29","modified_gmt":"2018-02-13T14:24:29","slug":"fruehlings-tag-und-nachtgleich","status":"publish","type":"page","link":"http:\/\/naturpause.de\/?page_id=278","title":{"rendered":"Fr\u00fchlings-Tag- und Nachtgleiche"},"content":{"rendered":"<p><strong>Fr\u00fchlingsbegr\u00fc\u00dfungsfest f\u00fcr Frauen<\/strong><\/p>\n<p>Wenn jetzt im M\u00e4rz die Sonne st\u00e4rker wird und uns w\u00e4rmt, steigt auch das Wissen herauf, wie wir unseren Boden bearbeiten und die Samen f\u00fcr dieses Jahr auss\u00e4en k\u00f6nnen. Neue Fruchtbarkeit, neues Leben, neue Ideen und M\u00f6glichkeiten warten auf Verwirklichung. Mit den ganzen Fr\u00fchlingskr\u00e4utern von B\u00e4rlauch, Brennnessel, Huflattich, Schl\u00fcsselblumen, Veilchen bis hin zum bescheidenen G\u00e4nsebl\u00fcmchen bekommen wir Kraft, Mut und Vertrauen plus Lebenslust &#8211; Fr\u00fchlingsgef\u00fchle.<\/p>\n<p>Das Leben will gelebt werden. Was s\u00e4en wir aus in diesem Jahr?<br \/>\nWas m\u00f6chten wir sprie\u00dfen lassen und in welche Richtung dehnen wir uns aus?<\/p>\n<p>Der Fr\u00fchling wird begr\u00fc\u00dft mit Liedern, wir legen einen Samen in die Erde und stimmen ein in den Jubel \u2013 der Fr\u00fchling ist da.<\/p>\n<p>Datum: 24. M\u00e4rz 2018<br \/>\nZeit: 10-13 Uhr<br \/>\nKosten 30,- \u20ac, inclusiv leckerem Imbiss. Der genaue Veranstaltungsort im Raum Spiegelberg ist wetterabh\u00e4ngig und wird kurzfristig bekannt gegeben.<\/p>\n<p>Weiter Infos und Anmeldung bis Sonntag, den 18.03.2018<br \/>\nbei <strong><a href=\"mailto:traude@naturpause.de?subject=Anmeldung zur Wintersonnwende 2017\">Traude Fladt,<\/a><\/strong> Spiegelberg, Tel.: 07194\/953300<\/p>\n<p><a href=\"http:\/\/www.naturpause.de\">www.naturpause.de<\/a><\/p>\n","protected":false},"excerpt":{"rendered":"<p>Fr\u00fchlingsbegr\u00fc\u00dfungsfest f\u00fcr Frauen Wenn jetzt im M\u00e4rz die Sonne st\u00e4rker wird und uns w\u00e4rmt, steigt auch das Wissen herauf, wie wir unseren Boden bearbeiten und die Samen f\u00fcr dieses Jahr auss\u00e4en k\u00f6nnen. Neue Fruchtbarkeit, neues Leben, neue Ideen und M\u00f6glichkeiten warten auf Verwirklichung. Mit den ganzen Fr\u00fchlingskr\u00e4utern von B\u00e4rlauch, Brennnessel, Huflattich, Schl\u00fcsselblumen, Veilchen bis hin &hellip; <a href=\"http:\/\/naturpause.de\/?page_id=278\" class=\"more-link\"><span class=\"screen-reader-text\">Fr\u00fchlings-Tag- und Nachtgleiche<\/span> weiterlesen <span class=\"meta-nav\">&rarr;<\/span><\/a><\/p>\n","protected":false},"author":3,"featured_media":313,"parent":0,"menu_order":0,"comment_status":"closed","ping_status":"closed","template":"","meta":[],"_links":{"self":[{"href":"http:\/\/naturpause.de\/index.php?rest_route=\/wp\/v2\/pages\/278"}],"collection":[{"href":"http:\/\/naturpause.de\/index.php?rest_route=\/wp\/v2\/pages"}],"about":[{"href":"http:\/\/naturpause.de\/index.php?rest_route=\/wp\/v2\/types\/page"}],"author":[{"embeddable":true,"href":"http:\/\/naturpause.de\/index.php?rest_route=\/wp\/v2\/users\/3"}],"replies":[{"embeddable":true,"href":"http:\/\/naturpause.de\/index.php?rest_route=%2Fwp%2Fv2%2Fcomments&post=278"}],"version-history":[{"count":4,"href":"http:\/\/naturpause.de\/index.php?rest_route=\/wp\/v2\/pages\/278\/revisions"}],"predecessor-version":[{"id":353,"href":"http:\/\/naturpause.de\/index.php?rest_route=\/wp\/v2\/pages\/278\/revisions\/353"}],"wp:featuredmedia":[{"embeddable":true,"href":"http:\/\/naturpause.de\/index.php?rest_route=\/wp\/v2\/media\/313"}],"wp:attachment":[{"href":"http:\/\/naturpause.de\/index.php?rest_route=%2Fwp%2Fv2%2Fmedia&parent=278"}],"curies":[{"name":"wp","href":"https:\/\/api.w.org\/{rel}","templated":true}]}}