{"id":282,"date":"2018-01-19T17:07:09","date_gmt":"2018-01-19T16:07:09","guid":{"rendered":"http:\/\/naturpause.de\/?page_id=282"},"modified":"2018-01-19T17:34:29","modified_gmt":"2018-01-19T16:34:29","slug":"walpurgis","status":"publish","type":"page","link":"http:\/\/naturpause.de\/?page_id=282","title":{"rendered":"Walpurgis"},"content":{"rendered":"<p><strong>Wunderbare Weiberbl\u00fctensuche <\/strong><\/p>\n<p>W\u00e4hrend die Natur in \u201eSaft und Kraft\u201c steht, die W\u00e4lder ihr junges Gr\u00fcn tragen und es uns geradezu magisch ins Freie zieht, wollen wir auf Venus-Bl\u00fctensuche gehen. Welche Energie steckt in ihnen? Wo sch\u00f6pfen wir Kraft zum Hegen und Pflegen unserer inneren Bl\u00fcte? Sind wir gut zu uns, dass der Samen vom Fr\u00fchling wachsen kann oder rudern wir unter den \u00e4u\u00dferen Umst\u00e4nden wieder zur\u00fcck und opfern unsere Vision? Welche inneren Quellen k\u00f6nnen wir erschlie\u00dfen, um bei dem ganzen Auf und Ab, Vor und Zur\u00fcck, auf unserem Weg zu bleiben?<\/p>\n<p>In der Begegnung mit der Natur und ihren Pflanzen, heilsamen Liedern und \u00dcbungen, finden wir Unterst\u00fctzung.<\/p>\n<p>Datum: 28. April 2018<br \/>\nZeit: 10-13 Uhr<br \/>\nKosten 30,- \u20ac, inclusiv leckerem Imbiss. Der genaue Veranstaltungsort im Raum Spiegelberg ist wetterabh\u00e4ngig und wird kurzfristig bekannt gegeben.<\/p>\n<p>Weiter Infos und Anmeldung bis Sonntag, den 22. April 2018<br \/>\nbei <strong><a href=\"mailto:traude@naturpause.de?subject=Anmeldung zur Wintersonnwende 2017\">Traude Fladt,<\/a><\/strong> Spiegelberg, Tel.: 07194\/953300<\/p>\n<p><a href=\"http:\/\/www.naturpause.de\">www.naturpause.de<\/a><\/p>\n<p>&nbsp;<\/p>\n","protected":false},"excerpt":{"rendered":"<p>Wunderbare Weiberbl\u00fctensuche W\u00e4hrend die Natur in \u201eSaft und Kraft\u201c steht, die W\u00e4lder ihr junges Gr\u00fcn tragen und es uns geradezu magisch ins Freie zieht, wollen wir auf Venus-Bl\u00fctensuche gehen. Welche Energie steckt in ihnen? Wo sch\u00f6pfen wir Kraft zum Hegen und Pflegen unserer inneren Bl\u00fcte? Sind wir gut zu uns, dass der Samen vom Fr\u00fchling &hellip; <a href=\"http:\/\/naturpause.de\/?page_id=282\" class=\"more-link\"><span class=\"screen-reader-text\">Walpurgis<\/span> weiterlesen <span class=\"meta-nav\">&rarr;<\/span><\/a><\/p>\n","protected":false},"author":3,"featured_media":318,"parent":0,"menu_order":0,"comment_status":"closed","ping_status":"closed","template":"","meta":[],"_links":{"self":[{"href":"http:\/\/naturpause.de\/index.php?rest_route=\/wp\/v2\/pages\/282"}],"collection":[{"href":"http:\/\/naturpause.de\/index.php?rest_route=\/wp\/v2\/pages"}],"about":[{"href":"http:\/\/naturpause.de\/index.php?rest_route=\/wp\/v2\/types\/page"}],"author":[{"embeddable":true,"href":"http:\/\/naturpause.de\/index.php?rest_route=\/wp\/v2\/users\/3"}],"replies":[{"embeddable":true,"href":"http:\/\/naturpause.de\/index.php?rest_route=%2Fwp%2Fv2%2Fcomments&post=282"}],"version-history":[{"count":3,"href":"http:\/\/naturpause.de\/index.php?rest_route=\/wp\/v2\/pages\/282\/revisions"}],"predecessor-version":[{"id":317,"href":"http:\/\/naturpause.de\/index.php?rest_route=\/wp\/v2\/pages\/282\/revisions\/317"}],"wp:featuredmedia":[{"embeddable":true,"href":"http:\/\/naturpause.de\/index.php?rest_route=\/wp\/v2\/media\/318"}],"wp:attachment":[{"href":"http:\/\/naturpause.de\/index.php?rest_route=%2Fwp%2Fv2%2Fmedia&parent=282"}],"curies":[{"name":"wp","href":"https:\/\/api.w.org\/{rel}","templated":true}]}}