{"id":287,"date":"2018-01-19T17:06:58","date_gmt":"2018-01-19T16:06:58","guid":{"rendered":"http:\/\/naturpause.de\/?page_id=287"},"modified":"2021-04-19T12:30:37","modified_gmt":"2021-04-19T10:30:37","slug":"sommer-sonnwende","status":"publish","type":"page","link":"http:\/\/naturpause.de\/?page_id=287","title":{"rendered":"Sommer-Sonnwende"},"content":{"rendered":"<h2>Rosenduft und Liebeskraft<\/h2>\n<p><strong>Brennende Liebe &#8211; Pure Leidenschaft<\/strong><\/p>\n<p>Zur Sommersonnwende, wenn die Rosen bl\u00fchen, erstrahlt die Natur in F\u00fclle und Sch\u00f6nheit.\u00a0 Die Insekten summen wild umher, Jungv\u00f6gel verlassen mit wildem Geflatter ihre Nester und die laue Sommern\u00e4chte laden zum Verweilen im Freien ein. Im Garten bl\u00fcht es reichlich: die Erdbeeren, Kirschen und erstes Sommergem\u00fcse will z\u00fcgig geerntet und genussvoll gegessen werden. Die Natur feiert ihre Hoch \u2013 Zeit und l\u00e4dt uns ein auf dieses Fest der Sinnenfreuden!<\/p>\n<p>Wo brennt Deine Leidenschaft, was will t\u00e4glich und mit Begeisterung und Lust gelebt werden? Wo entdecken wir das Gl\u00fcck?<br \/>\nBeim Betrachten von Natursch\u00f6nheiten, dem Zubereiten eines Erdbeerkuchens, dem Bad in der Sonne \u2013 wo lebst Du in dieser brennenden Zeit Deine pure Leidenschaft?<\/p>\n<p>Keine andere Pflanze steht f\u00fcr die Liebe wie die Rose. Lassen wir uns von dieser wundersch\u00f6nen Venuspflanze von der Liebe und dem Leben anstecken\u2026<\/p>\n<p>Datum: 2021 nach pers\u00f6nlicher Absprache<\/p>\n<p>Weiter Infos und Anmeldung bis Sonntag, den 17. Juni 2018<br \/>\nbei <strong><a href=\"mailto:traude@naturpause.de?subject=Anmeldung%20zur%20Wintersonnwende%202017\">Traude Fladt,<\/a><\/strong> Spiegelberg, Tel.: 07194\/953300<\/p>\n<p><a href=\"http:\/\/www.naturpause.de\">www.naturpause.de<\/a><\/p>\n<p>&nbsp;<\/p>\n","protected":false},"excerpt":{"rendered":"<p>Rosenduft und Liebeskraft Brennende Liebe &#8211; Pure Leidenschaft Zur Sommersonnwende, wenn die Rosen bl\u00fchen, erstrahlt die Natur in F\u00fclle und Sch\u00f6nheit.\u00a0 Die Insekten summen wild umher, Jungv\u00f6gel verlassen mit wildem Geflatter ihre Nester und die laue Sommern\u00e4chte laden zum Verweilen im Freien ein. Im Garten bl\u00fcht es reichlich: die Erdbeeren, Kirschen und erstes Sommergem\u00fcse will &hellip; <a href=\"http:\/\/naturpause.de\/?page_id=287\" class=\"more-link\"><span class=\"screen-reader-text\">Sommer-Sonnwende<\/span> weiterlesen <span class=\"meta-nav\">&rarr;<\/span><\/a><\/p>\n","protected":false},"author":3,"featured_media":319,"parent":0,"menu_order":0,"comment_status":"closed","ping_status":"closed","template":"","meta":[],"_links":{"self":[{"href":"http:\/\/naturpause.de\/index.php?rest_route=\/wp\/v2\/pages\/287"}],"collection":[{"href":"http:\/\/naturpause.de\/index.php?rest_route=\/wp\/v2\/pages"}],"about":[{"href":"http:\/\/naturpause.de\/index.php?rest_route=\/wp\/v2\/types\/page"}],"author":[{"embeddable":true,"href":"http:\/\/naturpause.de\/index.php?rest_route=\/wp\/v2\/users\/3"}],"replies":[{"embeddable":true,"href":"http:\/\/naturpause.de\/index.php?rest_route=%2Fwp%2Fv2%2Fcomments&post=287"}],"version-history":[{"count":3,"href":"http:\/\/naturpause.de\/index.php?rest_route=\/wp\/v2\/pages\/287\/revisions"}],"predecessor-version":[{"id":654,"href":"http:\/\/naturpause.de\/index.php?rest_route=\/wp\/v2\/pages\/287\/revisions\/654"}],"wp:featuredmedia":[{"embeddable":true,"href":"http:\/\/naturpause.de\/index.php?rest_route=\/wp\/v2\/media\/319"}],"wp:attachment":[{"href":"http:\/\/naturpause.de\/index.php?rest_route=%2Fwp%2Fv2%2Fmedia&parent=287"}],"curies":[{"name":"wp","href":"https:\/\/api.w.org\/{rel}","templated":true}]}}