{"id":291,"date":"2018-01-19T17:06:19","date_gmt":"2018-01-19T16:06:19","guid":{"rendered":"http:\/\/naturpause.de\/?page_id=291"},"modified":"2021-04-19T12:41:52","modified_gmt":"2021-04-19T10:41:52","slug":"herbst-tag-und-nachtgleiche","status":"publish","type":"page","link":"http:\/\/naturpause.de\/?page_id=291","title":{"rendered":"Herbst-Tag- und Nachtgleiche"},"content":{"rendered":"<p><strong>Balance-Ritual<\/strong> <strong>f\u00fcr Frauen<\/strong><\/p>\n<p>Der Sommer geht, die dunkle Zeit kommt. Die Kr\u00e4fte der Erde ziehen sich zur\u00fcck, um zur Ruhe zu kommen. Die Zeit der Ernte ist Zeit um nachzusp\u00fcren, wie meine Ernte dieses Jahr aussieht. Ernten und danken.<\/p>\n<p>Licht und Dunkelheit befinden sich einen Moment im ausgeglichenen Zustand. Am 21. September findet die Herbst- Tag- und Nachtgleiche statt und Tag und Nacht sind f\u00fcr kurze Zeit in Balance. Damit beginnt die dunkle Jahresh\u00e4lfte.<\/p>\n<p>Fr\u00fcchte und Gem\u00fcse werden nun geerntet, zur\u00fcck bleibt das nackte Feld. Das Kleid der Erde wechselt in rot-orange-ocker und braune T\u00f6ne. Die Kastanien werfen mit Fr\u00fcchten und der Sommer nimmt seinen Abschied. Nun gilt es im Alltag eine neue Balance zu finden. Zwischen der Lust am Miteinander und dem Bed\u00fcrfnis nach R\u00fcckzug, zwischen vollen Erntek\u00f6rben und leiser Abschiedsmelancholie. Wir hei\u00dfen diese Zeit Willkommen und gehen auf verschiedenen Wegen meditativ, singend, segnend in das Gleichgewicht zwischen SEIN und TUN. Dabei sp\u00fcren wir dem nach, was wir jetzt brauchen.<\/p>\n<p>Zur Zeit leider nur individuell in Einzeltermine m\u00f6glich.<\/p>\n<p>Weiter Infos<br \/>\nbei <strong><a href=\"mailto:traude@naturpause.de?subject=Anmeldung%20zur%20Wintersonnwende%202017\">Traude Fladt,<\/a><\/strong> Spiegelberg, Tel.: 07194\/953300<\/p>\n<p><a href=\"http:\/\/www.naturpause.de\">www.naturpause.de<\/a><\/p>\n<p>&nbsp;<\/p>\n<p>&nbsp;<\/p>\n","protected":false},"excerpt":{"rendered":"<p>Balance-Ritual f\u00fcr Frauen Der Sommer geht, die dunkle Zeit kommt. Die Kr\u00e4fte der Erde ziehen sich zur\u00fcck, um zur Ruhe zu kommen. Die Zeit der Ernte ist Zeit um nachzusp\u00fcren, wie meine Ernte dieses Jahr aussieht. Ernten und danken. Licht und Dunkelheit befinden sich einen Moment im ausgeglichenen Zustand. Am 21. September findet die Herbst- &hellip; <a href=\"http:\/\/naturpause.de\/?page_id=291\" class=\"more-link\"><span class=\"screen-reader-text\">Herbst-Tag- und Nachtgleiche<\/span> weiterlesen <span class=\"meta-nav\">&rarr;<\/span><\/a><\/p>\n","protected":false},"author":3,"featured_media":323,"parent":0,"menu_order":0,"comment_status":"closed","ping_status":"closed","template":"","meta":[],"_links":{"self":[{"href":"http:\/\/naturpause.de\/index.php?rest_route=\/wp\/v2\/pages\/291"}],"collection":[{"href":"http:\/\/naturpause.de\/index.php?rest_route=\/wp\/v2\/pages"}],"about":[{"href":"http:\/\/naturpause.de\/index.php?rest_route=\/wp\/v2\/types\/page"}],"author":[{"embeddable":true,"href":"http:\/\/naturpause.de\/index.php?rest_route=\/wp\/v2\/users\/3"}],"replies":[{"embeddable":true,"href":"http:\/\/naturpause.de\/index.php?rest_route=%2Fwp%2Fv2%2Fcomments&post=291"}],"version-history":[{"count":2,"href":"http:\/\/naturpause.de\/index.php?rest_route=\/wp\/v2\/pages\/291\/revisions"}],"predecessor-version":[{"id":660,"href":"http:\/\/naturpause.de\/index.php?rest_route=\/wp\/v2\/pages\/291\/revisions\/660"}],"wp:featuredmedia":[{"embeddable":true,"href":"http:\/\/naturpause.de\/index.php?rest_route=\/wp\/v2\/media\/323"}],"wp:attachment":[{"href":"http:\/\/naturpause.de\/index.php?rest_route=%2Fwp%2Fv2%2Fmedia&parent=291"}],"curies":[{"name":"wp","href":"https:\/\/api.w.org\/{rel}","templated":true}]}}