{"id":356,"date":"2018-02-17T18:06:33","date_gmt":"2018-02-17T17:06:33","guid":{"rendered":"http:\/\/naturpause.de\/?page_id=356"},"modified":"2024-01-13T18:12:23","modified_gmt":"2024-01-13T17:12:23","slug":"wege-durch-die-berge","status":"publish","type":"page","link":"http:\/\/naturpause.de\/?page_id=356","title":{"rendered":"&#8222;Wege durch die Berge&#8220;"},"content":{"rendered":"\n<h5><em>Wandern, Yoga und Mantra Singen<\/em><\/h5>\n\n\n\n<h5><em> im Montafon\/ \u00d6sterreich<\/em><\/h5>\n\n\n\n<h3><strong>noch kein neuer Termin f\u00fcr 2024<\/strong><em><strong><br><\/strong><\/em>mit Martina Maute (MANTRA) und Marianne Widmann (YOGA)<\/h3>\n\n\n\n<figure class=\"wp-block-image is-style-rounded\"><img loading=\"lazy\" width=\"241\" height=\"300\" src=\"http:\/\/naturpause.de\/wp-content\/uploads\/2021\/01\/IMG_1596-241x300.jpg\" alt=\"\" class=\"wp-image-637\" srcset=\"http:\/\/naturpause.de\/wp-content\/uploads\/2021\/01\/IMG_1596-241x300.jpg 241w, http:\/\/naturpause.de\/wp-content\/uploads\/2021\/01\/IMG_1596.jpg 539w\" sizes=\"(max-width: 241px) 100vw, 241px\" \/><figcaption>Martina und Marianne<\/figcaption><\/figure>\n\n\n\n<p class=\"has-text-align-left\">\u00a0Seminarkosten 110,-\u20ac (vorl\u00e4ufig nur Reservierung m\u00f6glich)<\/p>\n\n\n\n<p class=\"has-text-align-left\">Vor Ort:<\/p>\n\n\n\n<p class=\"has-text-align-left\">zuz\u00fcgl. 2 x \u00dcbernachtung im Lager  zuz\u00fcgl. Essen a la carte und Getr\u00e4nke&nbsp; (Bezahlung vor Ort in der H\u00fctte)<\/p>\n\n\n\n<p class=\"has-text-align-left\"><strong>Seminarleitung\/Info\/Anmeldung:<br><\/strong>Martina Maute <a href=\"mailto:martina@naturpause.de\">martina@naturpause.de<\/a>&nbsp;&nbsp; Tel.: 0711\/3511723<\/p>\n\n\n\n<p class=\"has-text-align-left\">Marianne Widmann <a href=\"mailto:mariannewidmann@gmx.de\">mariannewidmann@gmx.de<\/a>&nbsp; Tel.: 0711\/353136<\/p>\n\n\n\n<p class=\"has-text-align-left\">Die Teilnahme erfolgt unter eigener Verantwortung. Das Vortreffen wird noch bekannt gegeben.<\/p>\n","protected":false},"excerpt":{"rendered":"<p>Wandern, Yoga und Mantra Singen im Montafon\/ \u00d6sterreich noch kein neuer Termin f\u00fcr 2024mit Martina Maute (MANTRA) und Marianne Widmann (YOGA) \u00a0Seminarkosten 110,-\u20ac (vorl\u00e4ufig nur Reservierung m\u00f6glich) Vor Ort: zuz\u00fcgl. 2 x \u00dcbernachtung im Lager zuz\u00fcgl. Essen a la carte und Getr\u00e4nke&nbsp; (Bezahlung vor Ort in der H\u00fctte) Seminarleitung\/Info\/Anmeldung:Martina Maute martina@naturpause.de&nbsp;&nbsp; Tel.: 0711\/3511723 Marianne Widmann &hellip; <a href=\"http:\/\/naturpause.de\/?page_id=356\" class=\"more-link\"><span class=\"screen-reader-text\">&#8222;Wege durch die Berge&#8220;<\/span> weiterlesen <span class=\"meta-nav\">&rarr;<\/span><\/a><\/p>\n","protected":false},"author":1,"featured_media":550,"parent":28,"menu_order":0,"comment_status":"closed","ping_status":"closed","template":"","meta":[],"_links":{"self":[{"href":"http:\/\/naturpause.de\/index.php?rest_route=\/wp\/v2\/pages\/356"}],"collection":[{"href":"http:\/\/naturpause.de\/index.php?rest_route=\/wp\/v2\/pages"}],"about":[{"href":"http:\/\/naturpause.de\/index.php?rest_route=\/wp\/v2\/types\/page"}],"author":[{"embeddable":true,"href":"http:\/\/naturpause.de\/index.php?rest_route=\/wp\/v2\/users\/1"}],"replies":[{"embeddable":true,"href":"http:\/\/naturpause.de\/index.php?rest_route=%2Fwp%2Fv2%2Fcomments&post=356"}],"version-history":[{"count":17,"href":"http:\/\/naturpause.de\/index.php?rest_route=\/wp\/v2\/pages\/356\/revisions"}],"predecessor-version":[{"id":725,"href":"http:\/\/naturpause.de\/index.php?rest_route=\/wp\/v2\/pages\/356\/revisions\/725"}],"up":[{"embeddable":true,"href":"http:\/\/naturpause.de\/index.php?rest_route=\/wp\/v2\/pages\/28"}],"wp:featuredmedia":[{"embeddable":true,"href":"http:\/\/naturpause.de\/index.php?rest_route=\/wp\/v2\/media\/550"}],"wp:attachment":[{"href":"http:\/\/naturpause.de\/index.php?rest_route=%2Fwp%2Fv2%2Fmedia&parent=356"}],"curies":[{"name":"wp","href":"https:\/\/api.w.org\/{rel}","templated":true}]}}