{"id":371,"date":"2018-02-19T14:09:12","date_gmt":"2018-02-19T13:09:12","guid":{"rendered":"http:\/\/naturpause.de\/?page_id=371"},"modified":"2021-05-11T12:58:03","modified_gmt":"2021-05-11T10:58:03","slug":"heilpflanzen-fuer-katzen-und-hunde","status":"publish","type":"page","link":"http:\/\/naturpause.de\/?page_id=371","title":{"rendered":"Heilpflanzen f\u00fcr Katzen und Hunde"},"content":{"rendered":"<p>Wie k\u00f6nnen wir mit altbew\u00e4hrten Hausmitteln unseren Haustieren t\u00e4glich etwas Gutes tun? Vor unserer Haust\u00fcr wachsen so viele Heilpflanzen, die wir zur Gesunderhaltung unserer Lieblinge einfach einsetzen k\u00f6nnen. So kann das Immunsystem, Herz-Kreislauf oder Verdauungssystem gest\u00e4rkt oder z.B. Fl\u00f6he, Milben und W\u00fcrmer vertrieben werden.<br \/>\nUnsere Naturapotheke bietet uns viele M\u00f6glichkeiten f\u00fcr Erste-Hilfe-Ma\u00dfnahmen an.<\/p>\n<p>Doch Katzen k\u00f6nnen viele Inhaltstoffe die in den Heilpflanzen vorkommen leider nicht abbauen. In folgendem Interview, das beim online Kongress &#8222;Medizen der Erde&#8220; von Christel Str\u00f6bel gef\u00fchrt wurde, spreche ich u.a. dar\u00fcber:<\/p>\n<p><a href=\"https:\/\/www.youtube.com\/watch?v=H0AKil6Ekpk\">https:\/\/www.youtube.com\/watch?v=H0AKil6Ekpk<\/a><\/p>\n<p>Zur Zeit finden keine Seminar statt und es ist leider nur eine telefonische Beratung m\u00f6glich.<\/p>\n<p>Ich bin auch auf Instragramm zur finden: kraeuterkatze<\/p>\n","protected":false},"excerpt":{"rendered":"<p>Wie k\u00f6nnen wir mit altbew\u00e4hrten Hausmitteln unseren Haustieren t\u00e4glich etwas Gutes tun? Vor unserer Haust\u00fcr wachsen so viele Heilpflanzen, die wir zur Gesunderhaltung unserer Lieblinge einfach einsetzen k\u00f6nnen. So kann das Immunsystem, Herz-Kreislauf oder Verdauungssystem gest\u00e4rkt oder z.B. Fl\u00f6he, Milben und W\u00fcrmer vertrieben werden. Unsere Naturapotheke bietet uns viele M\u00f6glichkeiten f\u00fcr Erste-Hilfe-Ma\u00dfnahmen an. Doch Katzen &hellip; <a href=\"http:\/\/naturpause.de\/?page_id=371\" class=\"more-link\"><span class=\"screen-reader-text\">Heilpflanzen f\u00fcr Katzen und Hunde<\/span> weiterlesen <span class=\"meta-nav\">&rarr;<\/span><\/a><\/p>\n","protected":false},"author":3,"featured_media":589,"parent":0,"menu_order":0,"comment_status":"closed","ping_status":"closed","template":"","meta":[],"_links":{"self":[{"href":"http:\/\/naturpause.de\/index.php?rest_route=\/wp\/v2\/pages\/371"}],"collection":[{"href":"http:\/\/naturpause.de\/index.php?rest_route=\/wp\/v2\/pages"}],"about":[{"href":"http:\/\/naturpause.de\/index.php?rest_route=\/wp\/v2\/types\/page"}],"author":[{"embeddable":true,"href":"http:\/\/naturpause.de\/index.php?rest_route=\/wp\/v2\/users\/3"}],"replies":[{"embeddable":true,"href":"http:\/\/naturpause.de\/index.php?rest_route=%2Fwp%2Fv2%2Fcomments&post=371"}],"version-history":[{"count":9,"href":"http:\/\/naturpause.de\/index.php?rest_route=\/wp\/v2\/pages\/371\/revisions"}],"predecessor-version":[{"id":680,"href":"http:\/\/naturpause.de\/index.php?rest_route=\/wp\/v2\/pages\/371\/revisions\/680"}],"wp:featuredmedia":[{"embeddable":true,"href":"http:\/\/naturpause.de\/index.php?rest_route=\/wp\/v2\/media\/589"}],"wp:attachment":[{"href":"http:\/\/naturpause.de\/index.php?rest_route=%2Fwp%2Fv2%2Fmedia&parent=371"}],"curies":[{"name":"wp","href":"https:\/\/api.w.org\/{rel}","templated":true}]}}