{"id":5,"date":"2016-04-07T20:30:15","date_gmt":"2016-04-07T20:30:15","guid":{"rendered":"http:\/\/naturpause.de\/?page_id=5"},"modified":"2016-04-07T20:49:32","modified_gmt":"2016-04-07T20:49:32","slug":"impressum","status":"publish","type":"page","link":"http:\/\/naturpause.de\/?page_id=5","title":{"rendered":"Impressum"},"content":{"rendered":"<p>Traude Fladt<br \/>\nBergstra\u00dfe 85<br \/>\n71579 Spiegelberg<\/p>\n<p>Tel: 0 71 94 \/ 95 33 00<br \/>\nFax: 0 71 94 \/ 95 33 01<\/p>\n<p>e-mail: <a href=\"mailto:traude@naturpause.de\">traude@naturpause.de<\/a><br \/>\n<a class=\"standard\" href=\"http:\/\/www.naturpause.de\" target=\"_blank\">www.naturpause.de<\/a><\/p>\n<p>Inhaltlich Verantwortlicher gem\u00e4\u00df \u00a7 10 Absatz 3 MDStV: Traude Fladt (Anschrift wie oben)<\/p>\n<p>Haftungshinweis: Trotz sorgf\u00e4ltiger inhaltlicher Kontrolle \u00fcbernehmen wir keine Haftung f\u00fcr die Inhalte externer Links. F\u00fcr den Inhalt der verlinkten Seiten sind ausschlie\u00dflich deren Betreiber verantwortlich.<\/p>\n","protected":false},"excerpt":{"rendered":"<p>Traude Fladt Bergstra\u00dfe 85 71579 Spiegelberg Tel: 0 71 94 \/ 95 33 00 Fax: 0 71 94 \/ 95 33 01 e-mail: traude@naturpause.de www.naturpause.de Inhaltlich Verantwortlicher gem\u00e4\u00df \u00a7 10 Absatz 3 MDStV: Traude Fladt (Anschrift wie oben) Haftungshinweis: Trotz sorgf\u00e4ltiger inhaltlicher Kontrolle \u00fcbernehmen wir keine Haftung f\u00fcr die Inhalte externer Links. F\u00fcr den Inhalt &hellip; <a href=\"http:\/\/naturpause.de\/?page_id=5\" class=\"more-link\"><span class=\"screen-reader-text\">Impressum<\/span> weiterlesen <span class=\"meta-nav\">&rarr;<\/span><\/a><\/p>\n","protected":false},"author":1,"featured_media":0,"parent":2,"menu_order":0,"comment_status":"closed","ping_status":"closed","template":"","meta":[],"_links":{"self":[{"href":"http:\/\/naturpause.de\/index.php?rest_route=\/wp\/v2\/pages\/5"}],"collection":[{"href":"http:\/\/naturpause.de\/index.php?rest_route=\/wp\/v2\/pages"}],"about":[{"href":"http:\/\/naturpause.de\/index.php?rest_route=\/wp\/v2\/types\/page"}],"author":[{"embeddable":true,"href":"http:\/\/naturpause.de\/index.php?rest_route=\/wp\/v2\/users\/1"}],"replies":[{"embeddable":true,"href":"http:\/\/naturpause.de\/index.php?rest_route=%2Fwp%2Fv2%2Fcomments&post=5"}],"version-history":[{"count":1,"href":"http:\/\/naturpause.de\/index.php?rest_route=\/wp\/v2\/pages\/5\/revisions"}],"predecessor-version":[{"id":6,"href":"http:\/\/naturpause.de\/index.php?rest_route=\/wp\/v2\/pages\/5\/revisions\/6"}],"up":[{"embeddable":true,"href":"http:\/\/naturpause.de\/index.php?rest_route=\/wp\/v2\/pages\/2"}],"wp:attachment":[{"href":"http:\/\/naturpause.de\/index.php?rest_route=%2Fwp%2Fv2%2Fmedia&parent=5"}],"curies":[{"name":"wp","href":"https:\/\/api.w.org\/{rel}","templated":true}]}}