{"id":64,"date":"2016-07-05T22:05:03","date_gmt":"2016-07-05T20:05:03","guid":{"rendered":"http:\/\/naturpause.de\/?page_id=64"},"modified":"2021-04-19T12:28:49","modified_gmt":"2021-04-19T10:28:49","slug":"jahreskreisfeste","status":"publish","type":"page","link":"http:\/\/naturpause.de\/?page_id=64","title":{"rendered":"Nat\u00fcrlich-Frau-Sein"},"content":{"rendered":"<p><strong>Nat\u00fcrlich-Frau-Sein<\/strong><\/p>\n<p>Nat\u00fcrlich Frau sein? Was bedeutet das?<br \/>\nFrage ich mich manchmal \u201eIst das mein Weg, meine Berufung? Wer bin Ich? Was will ich? Was macht mich als Frau aus? Was n\u00e4hrt mein K\u00f6rper, Geist und Seele und woraus ziehe ich meine Kraft?<br \/>\nVersp\u00fcre ich insgeheim eine Sehnsucht einen Ruf in mir, der immer wieder, wie ein Windhauch meinen Geist streichelt, der sagt, da gibt es noch etwas Anderes das erlebt und gelebt werden will?<\/p>\n<p>Im Kreise von Frauen verbinden wir uns mit Mutter Erde, sp\u00fcren unsere Wurzeln, verbinden uns mit unserer Intuition und gehen mit den jahreszeitlichen Rhythmen: Visionen entstehen, wir erwachen, s\u00e4en unsere W\u00fcnsche aus, erleben gemeinsam unser Wachstum mit H\u00f6hen und Tiefen. Dabei begleiten uns viele Heilpflanzen als wunderbare Wahrsager- und Wegbegleiterinnen in unsere Kraft. Wenn m\u00f6glich bewegen wir uns durch Mutter Natur, verbinden uns mit den Elementen, singen, trommeln, sp\u00fcren, lauschen den Naturweisheiten oder meditieren, tauschen uns aus und feiern unsere \u201eNat\u00fcrlich Frau Sein\u201c im beh\u00fcteten Raum.<\/p>\n<p><strong>Termin 2019<\/strong><\/p>\n<p>01. Februar \u00a0 \u00a0 \u00a0 \u00a0\u00a0 <a href=\"http:\/\/naturpause.de\/?page_id=276\">Lichtmess<\/a> \u00a0 \u00a0\u00a0\u00a0\u00a0\u00a0\u00a0 &#8211; \u00a0\u00a0\u00a0\u00a0\u00a0 VISIONEN<br \/>\n21. M\u00e4rz \u00a0\u00a0\u00a0\u00a0\u00a0\u00a0\u00a0\u00a0\u00a0\u00a0\u00a0\u00a0\u00a0\u00a0\u00a0 <a href=\"http:\/\/naturpause.de\/?page_id=278\">Fr\u00fchling\u00a0\u00a0\u00a0\u00a0\u00a0\u00a0<\/a>\u00a0\u00a0\u00a0 \u00a0\u00a0 &#8211;\u00a0\u00a0\u00a0\u00a0\u00a0\u00a0 ERWACHEN<br \/>\n2. Mai \u00a0\u00a0\u00a0\u00a0\u00a0\u00a0\u00a0\u00a0\u00a0\u00a0\u00a0\u00a0\u00a0\u00a0\u00a0 <a href=\"http:\/\/naturpause.de\/?page_id=282\">Walpurgis \u00a0\u00a0\u00a0\u00a0 \u00a0<\/a> \u00a0 &#8211;\u00a0\u00a0\u00a0\u00a0\u00a0\u00a0 ERBL\u00dcHEN<br \/>\n22. Juni \u00a0\u00a0\u00a0\u00a0\u00a0\u00a0\u00a0\u00a0\u00a0\u00a0\u00a0 <a href=\"http:\/\/naturpause.de\/?page_id=287\">\u00a0\u00a0\u00a0\u00a0 Sonnwende<\/a> \u00a0\u00a0\u00a0 &#8211;\u00a0\u00a0\u00a0\u00a0\u00a0\u00a0 GENIESSEN<br \/>\n15. August \u00a0\u00a0\u00a0\u00a0\u00a0\u00a0\u00a0\u00a0\u00a0\u00a0\u00a0 <a href=\"http:\/\/naturpause.de\/?page_id=289\">Schnitterin<\/a>\u00a0\u00a0\u00a0\u00a0\u00a0\u00a0 &#8211;\u00a0\u00a0\u00a0\u00a0\u00a0\u00a0 SCHNEIDEN<br \/>\n19. September\u00a0\u00a0 <a href=\"http:\/\/naturpause.de\/?page_id=291\">\u00a0 Herbst<\/a>\u00a0\u00a0\u00a0\u00a0\u00a0\u00a0\u00a0\u00a0\u00a0\u00a0\u00a0 \u00a0 \u00a0 &#8211; \u00a0\u00a0\u00a0\u00a0\u00a0 ERNTEN<br \/>\n31. November \u00a0\u00a0\u00a0\u00a0 <a href=\"http:\/\/naturpause.de\/?page_id=293\">\u00a0 Ahne\u00a0\u00a0\u00a0\u00a0\u00a0\u00a0\u00a0<\/a>\u00a0\u00a0\u00a0\u00a0\u00a0\u00a0 \u00a0\u00a0 \u00a0\u00a0 &#8211;\u00a0\u00a0\u00a0\u00a0\u00a0 ERAHNEN<br \/>\n19. Dezember\u00a0\u00a0\u00a0\u00a0\u00a0\u00a0 <a href=\"http:\/\/naturpause.de\/?page_id=296\">Sonnwende<\/a> \u00a0\u00a0\u00a0 &#8211;\u00a0\u00a0\u00a0\u00a0\u00a0\u00a0 W\u00dcNSCHEN<\/p>\n<p><strong>Zeit:<\/strong> \u00a0\u00a0\u00a0\u00a0\u00a0\u00a0\u00a0\u00a0 10.00 bis 13.00 Uhr<br \/>\n<strong>Wo:<\/strong>\u00a0\u00a0\u00a0\u00a0\u00a0\u00a0\u00a0\u00a0\u00a0\u00a0 Heilpflanzen-Atelier Spiegelberg<\/p>\n<p><strong>Termine 2021<\/strong><\/p>\n<p>Aufgrund der derzeitigen gesetzlichen Bestimmung ist nur ein Treffen mit Martina in Esslingen oder Traude in Spiegelberg mit einer Person m\u00f6glich.<br \/>\nDeshalb bieten wir Dir gerne einen individuellen Spaziergang in die Natur zur Einstimmung und Wahrnehmung jeweiligen Jahreszeit an. Verbunden mit einem Segensritual, wird dies ein ganz spezielles Eintauchen in Deinen Prozess m\u00f6glich sein. Melde Dich einfach und wir finden einen gemeinsamen Termin.<br \/>\nZeit: ca. 2 Stunden<\/p>\n<p>&nbsp;<\/p>\n<p>Wir freuen uns auf Euch<\/p>\n<p>Traude und Martina<\/p>\n<p><strong>\u00a0Weiter Infos und Anmeldung bei Traude Fladt, Spiegelberg, Tel.: 07194\/953300 <a href=\"http:\/\/www.naturpause.de\">www.naturpause.de<\/a><\/strong><\/p>\n","protected":false},"excerpt":{"rendered":"<p>Nat\u00fcrlich-Frau-Sein Nat\u00fcrlich Frau sein? Was bedeutet das? Frage ich mich manchmal \u201eIst das mein Weg, meine Berufung? Wer bin Ich? Was will ich? Was macht mich als Frau aus? Was n\u00e4hrt mein K\u00f6rper, Geist und Seele und woraus ziehe ich meine Kraft? Versp\u00fcre ich insgeheim eine Sehnsucht einen Ruf in mir, der immer wieder, wie &hellip; <a href=\"http:\/\/naturpause.de\/?page_id=64\" class=\"more-link\"><span class=\"screen-reader-text\">Nat\u00fcrlich-Frau-Sein<\/span> weiterlesen <span class=\"meta-nav\">&rarr;<\/span><\/a><\/p>\n","protected":false},"author":1,"featured_media":471,"parent":0,"menu_order":0,"comment_status":"closed","ping_status":"closed","template":"","meta":[],"_links":{"self":[{"href":"http:\/\/naturpause.de\/index.php?rest_route=\/wp\/v2\/pages\/64"}],"collection":[{"href":"http:\/\/naturpause.de\/index.php?rest_route=\/wp\/v2\/pages"}],"about":[{"href":"http:\/\/naturpause.de\/index.php?rest_route=\/wp\/v2\/types\/page"}],"author":[{"embeddable":true,"href":"http:\/\/naturpause.de\/index.php?rest_route=\/wp\/v2\/users\/1"}],"replies":[{"embeddable":true,"href":"http:\/\/naturpause.de\/index.php?rest_route=%2Fwp%2Fv2%2Fcomments&post=64"}],"version-history":[{"count":31,"href":"http:\/\/naturpause.de\/index.php?rest_route=\/wp\/v2\/pages\/64\/revisions"}],"predecessor-version":[{"id":652,"href":"http:\/\/naturpause.de\/index.php?rest_route=\/wp\/v2\/pages\/64\/revisions\/652"}],"wp:featuredmedia":[{"embeddable":true,"href":"http:\/\/naturpause.de\/index.php?rest_route=\/wp\/v2\/media\/471"}],"wp:attachment":[{"href":"http:\/\/naturpause.de\/index.php?rest_route=%2Fwp%2Fv2%2Fmedia&parent=64"}],"curies":[{"name":"wp","href":"https:\/\/api.w.org\/{rel}","templated":true}]}}