{"id":66,"date":"2016-07-05T22:05:03","date_gmt":"2016-07-05T20:05:03","guid":{"rendered":"http:\/\/naturpause.de\/?page_id=66"},"modified":"2021-04-19T12:40:36","modified_gmt":"2021-04-19T10:40:36","slug":"heilpflanze-des-monats","status":"publish","type":"page","link":"http:\/\/naturpause.de\/?page_id=66","title":{"rendered":"Heilpflanzen-Begegnungen"},"content":{"rendered":"<p>Wer die gr\u00fcne Kraft, die sanft und f\u00fcr jeden zug\u00e4nglich ist, wieder entdecken m\u00f6chte, lade ich zu meinen Heilpflanzenbegegnungen ein. Wir werden uns jeweils einer Heilpflanze widmen, ihr auf intuitive Weise begegnen, ihr spezielles Wesen erleben, ihre heilsame Wirkung erfahren und dabei die enorme Wirkungen direkt sp\u00fcren. Wir werden dabei erstaunliches heraus finden und uns intensiv mit dieser Heilwirkung f\u00fcr K\u00f6rper und Seele befassen! Weiterhin werden wir auf die praktische Anwendung im Alltag intensiv eingehen.<\/p>\n<p><strong>Freitag: <\/strong>15.00 Uhr &#8211; 17.30 Uhr<\/p>\n<p><strong>Termine 2020:\u00a0\u00a0<\/strong>28. Februar, 3. April, 8. Mai, 19. Juni, 10. Juli<\/p>\n<p><strong>Anmeldung erforderlich<\/strong><\/p>\n<p><strong>Heilpflanzenbegegnung im Februar <\/strong><\/p>\n<h4><strong>Wilde Karde<\/strong><\/h4>\n<p>Oktober ist die Zeit wo wir Wurzeln graben und diese haltbar f\u00fcr die Winterzeit machen.<\/p>\n<p>Mit all unseren Sinnen wende wir uns bei dieser Heilpflanzenbegegnung der Wilden Karde zu und nehmen sie mit ihrer Heilwirkung wahr. Fragen und Antworten rund um Borreliose-Erkrankung werden hierbei sicherlich eine gro\u00dfe Rolle spielen. Doch die Karde kann noch vieles mehr\u2026<\/p>\n<p>Wer mehr wissen m\u00f6chte kommt am Freitag , den 28. Februar zur Heilpflanzenbegegnung.<\/p>\n<p>Zeit: 15.00 bis 17.30 Uhr<\/p>\n<p>Kosten 25,- \u20ac, evtl. plus Materialkosten<\/p>\n<p><strong>Termine 2021<\/strong>: zur Zeit leider nicht m\u00f6glich.<\/p>\n<p>&nbsp;<\/p>\n<p>&nbsp;<\/p>\n<p>&nbsp;<\/p>\n","protected":false},"excerpt":{"rendered":"<p>Wer die gr\u00fcne Kraft, die sanft und f\u00fcr jeden zug\u00e4nglich ist, wieder entdecken m\u00f6chte, lade ich zu meinen Heilpflanzenbegegnungen ein. Wir werden uns jeweils einer Heilpflanze widmen, ihr auf intuitive Weise begegnen, ihr spezielles Wesen erleben, ihre heilsame Wirkung erfahren und dabei die enorme Wirkungen direkt sp\u00fcren. Wir werden dabei erstaunliches heraus finden und uns &hellip; <a href=\"http:\/\/naturpause.de\/?page_id=66\" class=\"more-link\"><span class=\"screen-reader-text\">Heilpflanzen-Begegnungen<\/span> weiterlesen <span class=\"meta-nav\">&rarr;<\/span><\/a><\/p>\n","protected":false},"author":1,"featured_media":365,"parent":0,"menu_order":0,"comment_status":"closed","ping_status":"closed","template":"","meta":[],"_links":{"self":[{"href":"http:\/\/naturpause.de\/index.php?rest_route=\/wp\/v2\/pages\/66"}],"collection":[{"href":"http:\/\/naturpause.de\/index.php?rest_route=\/wp\/v2\/pages"}],"about":[{"href":"http:\/\/naturpause.de\/index.php?rest_route=\/wp\/v2\/types\/page"}],"author":[{"embeddable":true,"href":"http:\/\/naturpause.de\/index.php?rest_route=\/wp\/v2\/users\/1"}],"replies":[{"embeddable":true,"href":"http:\/\/naturpause.de\/index.php?rest_route=%2Fwp%2Fv2%2Fcomments&post=66"}],"version-history":[{"count":37,"href":"http:\/\/naturpause.de\/index.php?rest_route=\/wp\/v2\/pages\/66\/revisions"}],"predecessor-version":[{"id":659,"href":"http:\/\/naturpause.de\/index.php?rest_route=\/wp\/v2\/pages\/66\/revisions\/659"}],"wp:featuredmedia":[{"embeddable":true,"href":"http:\/\/naturpause.de\/index.php?rest_route=\/wp\/v2\/media\/365"}],"wp:attachment":[{"href":"http:\/\/naturpause.de\/index.php?rest_route=%2Fwp%2Fv2%2Fmedia&parent=66"}],"curies":[{"name":"wp","href":"https:\/\/api.w.org\/{rel}","templated":true}]}}