{"id":68,"date":"2016-07-05T22:05:03","date_gmt":"2016-07-05T20:05:03","guid":{"rendered":"http:\/\/naturpause.de\/?page_id=68"},"modified":"2021-04-19T12:16:40","modified_gmt":"2021-04-19T10:16:40","slug":"malen","status":"publish","type":"page","link":"http:\/\/naturpause.de\/?page_id=68","title":{"rendered":"Malen mit Heilpflanzen"},"content":{"rendered":"<p>Im Mal-Atelier Zeit und Raum haben, einer ganz bestimmten Pflanze zu begegnen und mit ihr ein Bild zu gestalten.<br \/>\nBeifu\u00df, G\u00e4nsebl\u00fcmchen, Ringelblume \u2013 egal welche Heilpflanze wir als Tee zu uns nehmen, jede hat ihre eigen Botschaft an uns, jede weckt in uns bestimmte Emotionen und l\u00e4sst uns ins flie\u00dfen kommen.<br \/>\nDen eigenen Gef\u00fchlen folgend, Inneres zum Ausdruck bringen &#8211; Staunen &#8211; Entspannen &#8211; Gedanken kl\u00e4ren &#8211; lebendig sein &#8211; und dabei viel \u00fcber\u00a0 sich und die Heilenergie der Pflanze erfahren.<\/p>\n<p><strong>Termine:<\/strong> in der Regel ist das Heilpflanzen-Malatelier Donnerstags nachmittags und nach Absprache ge\u00f6ffnet.<br \/>\n<strong>Zeit:<\/strong> 15.00 &#8211; 17 Uhr<br \/>\n<strong>Anmeldung:<\/strong> erforderlich, da nur wenige Malpl\u00e4tze zur Verf\u00fcgung stehen.<\/p>\n<p><strong>Ausdrucks-Malen<br \/>\n<\/strong>Was in mir ist, was mich bewegt, dr\u00fccke ich mit Farben aus. Je nach Bed\u00fcrfnis bringe ich mit Pinsel, Schwamm, Spachtel, Fingern, &#8230; meine Gef\u00fchle auf Papier &#8230; Lebendig sein, Blockaden l\u00f6sen, Freude erleben &#8211; einfach Sein im Augenblick<\/p>\n<p><strong>Termine:<\/strong> nach Absprache,<\/p>\n<p><strong>FreundInnen-Tag:<\/strong> Malen mit FreundInnen z.B. zum Geburtstag, max. 4 Personen, incl. Heilpflanzen-Tee, Meditation, R\u00e4uchern, genie\u00dfen und kreativ sein<br \/>\n<strong>Dauer:<\/strong> 3 Stunden<\/p>\n","protected":false},"excerpt":{"rendered":"<p>Im Mal-Atelier Zeit und Raum haben, einer ganz bestimmten Pflanze zu begegnen und mit ihr ein Bild zu gestalten. Beifu\u00df, G\u00e4nsebl\u00fcmchen, Ringelblume \u2013 egal welche Heilpflanze wir als Tee zu uns nehmen, jede hat ihre eigen Botschaft an uns, jede weckt in uns bestimmte Emotionen und l\u00e4sst uns ins flie\u00dfen kommen. Den eigenen Gef\u00fchlen folgend, &hellip; <a href=\"http:\/\/naturpause.de\/?page_id=68\" class=\"more-link\"><span class=\"screen-reader-text\">Malen mit Heilpflanzen<\/span> weiterlesen <span class=\"meta-nav\">&rarr;<\/span><\/a><\/p>\n","protected":false},"author":1,"featured_media":237,"parent":0,"menu_order":0,"comment_status":"closed","ping_status":"closed","template":"","meta":[],"_links":{"self":[{"href":"http:\/\/naturpause.de\/index.php?rest_route=\/wp\/v2\/pages\/68"}],"collection":[{"href":"http:\/\/naturpause.de\/index.php?rest_route=\/wp\/v2\/pages"}],"about":[{"href":"http:\/\/naturpause.de\/index.php?rest_route=\/wp\/v2\/types\/page"}],"author":[{"embeddable":true,"href":"http:\/\/naturpause.de\/index.php?rest_route=\/wp\/v2\/users\/1"}],"replies":[{"embeddable":true,"href":"http:\/\/naturpause.de\/index.php?rest_route=%2Fwp%2Fv2%2Fcomments&post=68"}],"version-history":[{"count":13,"href":"http:\/\/naturpause.de\/index.php?rest_route=\/wp\/v2\/pages\/68\/revisions"}],"predecessor-version":[{"id":651,"href":"http:\/\/naturpause.de\/index.php?rest_route=\/wp\/v2\/pages\/68\/revisions\/651"}],"wp:featuredmedia":[{"embeddable":true,"href":"http:\/\/naturpause.de\/index.php?rest_route=\/wp\/v2\/media\/237"}],"wp:attachment":[{"href":"http:\/\/naturpause.de\/index.php?rest_route=%2Fwp%2Fv2%2Fmedia&parent=68"}],"curies":[{"name":"wp","href":"https:\/\/api.w.org\/{rel}","templated":true}]}}