{"id":7,"date":"2016-04-07T20:48:29","date_gmt":"2016-04-07T20:48:29","guid":{"rendered":"http:\/\/naturpause.de\/?page_id=7"},"modified":"2018-02-28T17:51:39","modified_gmt":"2018-02-28T16:51:39","slug":"interessantes","status":"publish","type":"page","link":"http:\/\/naturpause.de\/?page_id=7","title":{"rendered":"Interessantes &#8211; Links"},"content":{"rendered":"<p>Laufende Yogakurse in Esslingen<br \/>\n<a class=\"standard\" href=\"http:\/\/www.raumfueryogaundmeditation.de\" target=\"_blank\" rel=\"noopener\">Raum f\u00fcr Yoga und Meditation<\/a><\/p>\n<p>Heilpraxis Martina Etzler<br \/>\n<a class=\"standard\" href=\"http:\/\/www.koerperbewusstsein.de\" target=\"_blank\" rel=\"noopener\">Martina Etzler<\/a><\/p>\n<p>TANZEN * TROMMELN * RITUALE *KLANG-REISEN * WEGBEGLEITUNG *KLANGKONZERTE<br \/>\n<a class=\"standard\" href=\"http:\/\/www.hueller-web.de\" target=\"_blank\" rel=\"noopener\">Gabriele H\u00fcller<\/a><\/p>\n<p>Elobana &#8211; Kreativ gestalten mit Natur<br \/>\n<a class=\"standard\" href=\"http:\/\/www.elobana.de\" target=\"_blank\" rel=\"noopener\">Eleonore Schick<\/a><\/p>\n<p>B\u00fccher und mehr<br \/>\n<a class=\"standard\" href=\"http:\/\/www.buchzentrum-natur.de\" target=\"_blank\" rel=\"noopener\">Naturp\u00e4dagogischer Buchversand<cite class=\"_Rm\"><\/cite><\/a><\/p>\n<p>Kr\u00e4uter &amp; Wege &#8211; online shop<br \/>\n<a class=\"standard\" href=\"http:\/\/www.krauter-wege.de\" target=\"_blank\" rel=\"noopener\"><cite class=\"_Rm\">www.kraeuter-wege.de<\/cite><\/a><\/p>\n","protected":false},"excerpt":{"rendered":"<p>Laufende Yogakurse in Esslingen Raum f\u00fcr Yoga und Meditation Heilpraxis Martina Etzler Martina Etzler TANZEN * TROMMELN * RITUALE *KLANG-REISEN * WEGBEGLEITUNG *KLANGKONZERTE Gabriele H\u00fcller Elobana &#8211; Kreativ gestalten mit Natur Eleonore Schick B\u00fccher und mehr Naturp\u00e4dagogischer Buchversand Kr\u00e4uter &amp; Wege &#8211; online shop www.kraeuter-wege.de<\/p>\n","protected":false},"author":1,"featured_media":0,"parent":2,"menu_order":0,"comment_status":"closed","ping_status":"closed","template":"","meta":[],"_links":{"self":[{"href":"http:\/\/naturpause.de\/index.php?rest_route=\/wp\/v2\/pages\/7"}],"collection":[{"href":"http:\/\/naturpause.de\/index.php?rest_route=\/wp\/v2\/pages"}],"about":[{"href":"http:\/\/naturpause.de\/index.php?rest_route=\/wp\/v2\/types\/page"}],"author":[{"embeddable":true,"href":"http:\/\/naturpause.de\/index.php?rest_route=\/wp\/v2\/users\/1"}],"replies":[{"embeddable":true,"href":"http:\/\/naturpause.de\/index.php?rest_route=%2Fwp%2Fv2%2Fcomments&post=7"}],"version-history":[{"count":4,"href":"http:\/\/naturpause.de\/index.php?rest_route=\/wp\/v2\/pages\/7\/revisions"}],"predecessor-version":[{"id":394,"href":"http:\/\/naturpause.de\/index.php?rest_route=\/wp\/v2\/pages\/7\/revisions\/394"}],"up":[{"embeddable":true,"href":"http:\/\/naturpause.de\/index.php?rest_route=\/wp\/v2\/pages\/2"}],"wp:attachment":[{"href":"http:\/\/naturpause.de\/index.php?rest_route=%2Fwp%2Fv2%2Fmedia&parent=7"}],"curies":[{"name":"wp","href":"https:\/\/api.w.org\/{rel}","templated":true}]}}