{"id":70,"date":"2016-07-05T22:05:03","date_gmt":"2016-07-05T20:05:03","guid":{"rendered":"http:\/\/naturpause.de\/?page_id=70"},"modified":"2017-11-12T12:14:23","modified_gmt":"2017-11-12T11:14:23","slug":"rituale","status":"publish","type":"page","link":"http:\/\/naturpause.de\/?page_id=70","title":{"rendered":"Rituale"},"content":{"rendered":"<p>&nbsp;<\/p>\n<p><strong>Rituale \u2013 ganz Individuell<\/strong><\/p>\n<p>Schon immer haben Menschen wichtige Ereignisse in Ritualen gew\u00fcrdigt. Das Begehen eines Rituals ist die Erkenntnis, dass es einen Augenblick des \u00dcbergangs gibt, etwas Neues das Alte abl\u00f6st, wir uns wieder einmal gewandelt haben.<br \/>\n<strong>Wir gestalten mit Ihnen ihr pers\u00f6nliches Ritual auf Ihrem Lebensweg.<\/strong> Mit Liedern und Pflanzen kreieren wir eine Zeremonie, die Ihren \u00dcbergang zu einem bewussten und kraftvollen Erlebnis macht.<\/p>\n","protected":false},"excerpt":{"rendered":"<p>&nbsp; Rituale \u2013 ganz Individuell Schon immer haben Menschen wichtige Ereignisse in Ritualen gew\u00fcrdigt. Das Begehen eines Rituals ist die Erkenntnis, dass es einen Augenblick des \u00dcbergangs gibt, etwas Neues das Alte abl\u00f6st, wir uns wieder einmal gewandelt haben. Wir gestalten mit Ihnen ihr pers\u00f6nliches Ritual auf Ihrem Lebensweg. Mit Liedern und Pflanzen kreieren wir &hellip; <a href=\"http:\/\/naturpause.de\/?page_id=70\" class=\"more-link\"><span class=\"screen-reader-text\">Rituale<\/span> weiterlesen <span class=\"meta-nav\">&rarr;<\/span><\/a><\/p>\n","protected":false},"author":1,"featured_media":228,"parent":0,"menu_order":0,"comment_status":"closed","ping_status":"closed","template":"","meta":[],"_links":{"self":[{"href":"http:\/\/naturpause.de\/index.php?rest_route=\/wp\/v2\/pages\/70"}],"collection":[{"href":"http:\/\/naturpause.de\/index.php?rest_route=\/wp\/v2\/pages"}],"about":[{"href":"http:\/\/naturpause.de\/index.php?rest_route=\/wp\/v2\/types\/page"}],"author":[{"embeddable":true,"href":"http:\/\/naturpause.de\/index.php?rest_route=\/wp\/v2\/users\/1"}],"replies":[{"embeddable":true,"href":"http:\/\/naturpause.de\/index.php?rest_route=%2Fwp%2Fv2%2Fcomments&post=70"}],"version-history":[{"count":3,"href":"http:\/\/naturpause.de\/index.php?rest_route=\/wp\/v2\/pages\/70\/revisions"}],"predecessor-version":[{"id":229,"href":"http:\/\/naturpause.de\/index.php?rest_route=\/wp\/v2\/pages\/70\/revisions\/229"}],"wp:featuredmedia":[{"embeddable":true,"href":"http:\/\/naturpause.de\/index.php?rest_route=\/wp\/v2\/media\/228"}],"wp:attachment":[{"href":"http:\/\/naturpause.de\/index.php?rest_route=%2Fwp%2Fv2%2Fmedia&parent=70"}],"curies":[{"name":"wp","href":"https:\/\/api.w.org\/{rel}","templated":true}]}}